{"id":336,"date":"2017-01-10T19:02:49","date_gmt":"2017-01-10T19:02:49","guid":{"rendered":"http:\/\/warncar.com\/reclamo-matricula\/"},"modified":"2018-09-27T13:36:51","modified_gmt":"2018-09-27T11:36:51","slug":"claim-registration","status":"publish","type":"page","link":"https:\/\/warncar.com\/en\/claim-registration\/","title":{"rendered":"Claim registration"},"content":{"rendered":"<p>Zona para reclamar una matricula&#8230; informaci\u00f3n sobre la matricula a reclamar.<\/p>\n<p>Texto + asunto.<\/p>\n<p>Adjuntar documentaci\u00f3n.<\/p>\n<p>La idea ser\u00eda que al que tenga la matricula le llegue una notificaci\u00f3n y que el primero que aporte pruebas, se le asigna la matricula&#8230;<\/p>\n","protected":false},"excerpt":{"rendered":"<p>Zona para reclamar una matricula&#8230; informaci\u00f3n sobre la matricula a reclamar. Texto + asunto. Adjuntar documentaci\u00f3n. La idea ser\u00eda que al que tenga la matricula le llegue una notificaci\u00f3n y que el primero que aporte pruebas, se le asigna la matricula&#8230;<\/p>\n","protected":false},"author":2,"featured_media":0,"parent":0,"menu_order":0,"comment_status":"closed","ping_status":"closed","template":"page-reclamo-matricula.php","meta":{"footnotes":""},"yoast_head":"<!-- This site is optimized with the Yoast SEO plugin v22.2 - https:\/\/yoast.com\/wordpress\/plugins\/seo\/ -->\n<title>Claim registration - Wancar<\/title>\n<meta name=\"robots\" content=\"index, follow, max-snippet:-1, max-image-preview:large, max-video-preview:-1\" \/>\n<link rel=\"canonical\" href=\"https:\/\/warncar.com\/en\/claim-registration\/\" \/>\n<meta property=\"og:locale\" content=\"en_US\" \/>\n<meta property=\"og:type\" content=\"article\" \/>\n<meta property=\"og:title\" content=\"Claim registration - Wancar\" \/>\n<meta property=\"og:description\" content=\"Zona para reclamar una matricula&#8230; informaci\u00f3n sobre la matricula a reclamar. Texto + asunto. Adjuntar documentaci\u00f3n. La idea ser\u00eda que al que tenga la matricula le llegue una notificaci\u00f3n y que el primero que aporte pruebas, se le asigna la matricula&#8230;\" \/>\n<meta property=\"og:url\" content=\"https:\/\/warncar.com\/en\/claim-registration\/\" \/>\n<meta property=\"og:site_name\" content=\"Wancar\" \/>\n<meta property=\"article:modified_time\" content=\"2018-09-27T11:36:51+00:00\" \/>\n<meta name=\"twitter:card\" content=\"summary_large_image\" \/>\n<script type=\"application\/ld+json\" class=\"yoast-schema-graph\">{\"@context\":\"https:\/\/schema.org\",\"@graph\":[{\"@type\":\"WebPage\",\"@id\":\"https:\/\/warncar.com\/en\/claim-registration\/\",\"url\":\"https:\/\/warncar.com\/en\/claim-registration\/\",\"name\":\"Claim registration - Wancar\",\"isPartOf\":{\"@id\":\"https:\/\/warncar.com\/#website\"},\"datePublished\":\"2017-01-10T19:02:49+00:00\",\"dateModified\":\"2018-09-27T11:36:51+00:00\",\"breadcrumb\":{\"@id\":\"https:\/\/warncar.com\/en\/claim-registration\/#breadcrumb\"},\"inLanguage\":\"en-US\",\"potentialAction\":[{\"@type\":\"ReadAction\",\"target\":[\"https:\/\/warncar.com\/en\/claim-registration\/\"]}]},{\"@type\":\"BreadcrumbList\",\"@id\":\"https:\/\/warncar.com\/en\/claim-registration\/#breadcrumb\",\"itemListElement\":[{\"@type\":\"ListItem\",\"position\":1,\"name\":\"Portada\",\"item\":\"https:\/\/warncar.com\/en\/\"},{\"@type\":\"ListItem\",\"position\":2,\"name\":\"Claim registration\"}]},{\"@type\":\"WebSite\",\"@id\":\"https:\/\/warncar.com\/#website\",\"url\":\"https:\/\/warncar.com\/\",\"name\":\"Wancar\",\"description\":\"\",\"potentialAction\":[{\"@type\":\"SearchAction\",\"target\":{\"@type\":\"EntryPoint\",\"urlTemplate\":\"https:\/\/warncar.com\/?s={search_term_string}\"},\"query-input\":\"required name=search_term_string\"}],\"inLanguage\":\"en-US\"}]}<\/script>\n<!-- \/ Yoast SEO plugin. -->","yoast_head_json":{"title":"Claim registration - Wancar","robots":{"index":"index","follow":"follow","max-snippet":"max-snippet:-1","max-image-preview":"max-image-preview:large","max-video-preview":"max-video-preview:-1"},"canonical":"https:\/\/warncar.com\/en\/claim-registration\/","og_locale":"en_US","og_type":"article","og_title":"Claim registration - Wancar","og_description":"Zona para reclamar una matricula&#8230; informaci\u00f3n sobre la matricula a reclamar. Texto + asunto. Adjuntar documentaci\u00f3n. La idea ser\u00eda que al que tenga la matricula le llegue una notificaci\u00f3n y que el primero que aporte pruebas, se le asigna la matricula&#8230;","og_url":"https:\/\/warncar.com\/en\/claim-registration\/","og_site_name":"Wancar","article_modified_time":"2018-09-27T11:36:51+00:00","twitter_card":"summary_large_image","schema":{"@context":"https:\/\/schema.org","@graph":[{"@type":"WebPage","@id":"https:\/\/warncar.com\/en\/claim-registration\/","url":"https:\/\/warncar.com\/en\/claim-registration\/","name":"Claim registration - Wancar","isPartOf":{"@id":"https:\/\/warncar.com\/#website"},"datePublished":"2017-01-10T19:02:49+00:00","dateModified":"2018-09-27T11:36:51+00:00","breadcrumb":{"@id":"https:\/\/warncar.com\/en\/claim-registration\/#breadcrumb"},"inLanguage":"en-US","potentialAction":[{"@type":"ReadAction","target":["https:\/\/warncar.com\/en\/claim-registration\/"]}]},{"@type":"BreadcrumbList","@id":"https:\/\/warncar.com\/en\/claim-registration\/#breadcrumb","itemListElement":[{"@type":"ListItem","position":1,"name":"Portada","item":"https:\/\/warncar.com\/en\/"},{"@type":"ListItem","position":2,"name":"Claim registration"}]},{"@type":"WebSite","@id":"https:\/\/warncar.com\/#website","url":"https:\/\/warncar.com\/","name":"Wancar","description":"","potentialAction":[{"@type":"SearchAction","target":{"@type":"EntryPoint","urlTemplate":"https:\/\/warncar.com\/?s={search_term_string}"},"query-input":"required name=search_term_string"}],"inLanguage":"en-US"}]}},"_links":{"self":[{"href":"https:\/\/warncar.com\/en\/wp-json\/wp\/v2\/pages\/336"}],"collection":[{"href":"https:\/\/warncar.com\/en\/wp-json\/wp\/v2\/pages"}],"about":[{"href":"https:\/\/warncar.com\/en\/wp-json\/wp\/v2\/types\/page"}],"author":[{"embeddable":true,"href":"https:\/\/warncar.com\/en\/wp-json\/wp\/v2\/users\/2"}],"replies":[{"embeddable":true,"href":"https:\/\/warncar.com\/en\/wp-json\/wp\/v2\/comments?post=336"}],"version-history":[{"count":0,"href":"https:\/\/warncar.com\/en\/wp-json\/wp\/v2\/pages\/336\/revisions"}],"wp:attachment":[{"href":"https:\/\/warncar.com\/en\/wp-json\/wp\/v2\/media?parent=336"}],"curies":[{"name":"wp","href":"https:\/\/api.w.org\/{rel}","templated":true}]}}